{"id":62817,"date":"2020-08-07T11:59:01","date_gmt":"2020-08-07T09:59:01","guid":{"rendered":"https:\/\/cannabas.com\/the-brand\/"},"modified":"2020-11-24T09:19:08","modified_gmt":"2020-11-24T08:19:08","slug":"the-brand","status":"publish","type":"page","link":"https:\/\/cannabas.com\/de\/","title":{"rendered":"The brand"},"content":{"rendered":"\n<div class=\"wp-block-cover alignfull fp-header\" style=\"min-height:400px;aspect-ratio:unset;\"><video class=\"wp-block-cover__video-background\" autoplay muted loop playsinline src=\"https:\/\/cannabas.com\/wp-content\/uploads\/2020\/08\/iStock-870449834-converted-with-Clipchamp.mp4\"><\/video><div class=\"wp-block-cover__inner-container is-layout-flow wp-block-cover-is-layout-flow\">\n<p class=\"has-text-align-center has-large-font-size\"><\/p>\n<\/div><\/div>\n\n\n\n<div class=\"wp-block-group alignwide fp-intro\"><div class=\"wp-block-group__inner-container is-layout-flow wp-block-group-is-layout-flow\">\n<div class=\"wp-block-image\"><figure class=\"aligncenter size-large is-resized\"><img decoding=\"async\" src=\"https:\/\/cannabas.com\/wp-content\/uploads\/2020\/07\/cannabas-grijs-1.png\" alt=\"\" class=\"wp-image-98\" width=\"240\" height=\"100\" srcset=\"https:\/\/cannabas.com\/wp-content\/uploads\/2020\/07\/cannabas-grijs-1.png 240w, https:\/\/cannabas.com\/wp-content\/uploads\/2020\/07\/cannabas-grijs-1-175x73.png 175w, https:\/\/cannabas.com\/wp-content\/uploads\/2020\/07\/cannabas-grijs-1-160x67.png 160w\" sizes=\"(max-width: 240px) 100vw, 240px\" \/><\/figure><\/div>\n\n\n\n<h2 class=\"has-text-align-center wp-block-heading\">Cannabas: der Spezialist f\u00fcr exklusive Cannabinoide.<\/h2>\n\n\n\n<p class=\"has-text-align-center subtitle\">F\u00fcr die beste Lebensqualit\u00e4t<\/p>\n\n\n\n<p class=\"has-text-align-center fp-text\">Willkommen bei Cannabas. Wir sind ein Gro\u00dfh\u00e4ndler von seltenen und exklusiven Cannabinoiden. Denken Sie an <a href=\"file:\/\/\/cbd\">CBD<\/a>, <a href=\"file:\/\/\/cbdv\">CBDV<\/a>, <a href=\"file:\/\/\/cbc\">CBC<\/a>, <a href=\"file:\/\/\/cbn\">CBN<\/a>, <a href=\"file:\/\/\/cbg\">CBG<\/a> und &nbsp;<a href=\"file:\/\/\/thcv\">THCV<\/a>. Zu unseren Kunden z\u00e4hlen Reseller, Private Labels, Apotheker und Cannabismarken weltweit. Wir liefern Fertigprodukte wie Cannabis\u00f6l, aber auch Cannabinoid-Extrakte in Destillat- oder Isolatform. Wir bieten auch EU GMP-zertifizierte Cannabisprodukte an.<\/p>\n\n\n\n<div class=\"wp-block-buttons aligncenter is-layout-flex wp-block-buttons-is-layout-flex\">\n<div class=\"wp-block-button\"><a class=\"wp-block-button__link\" href=\"https:\/\/cannabas.com\/en\/shop\/\">Portfolio<\/a><\/div>\n<\/div>\n<\/div><\/div>\n\n\n\n<div class=\"wp-block-group alignfull fp-olien\"><div class=\"wp-block-group__inner-container is-layout-flow wp-block-group-is-layout-flow\">\n<div class=\"wp-block-columns are-vertically-aligned-center is-layout-flex wp-container-core-columns-is-layout-9d6595d7 wp-block-columns-is-layout-flex\">\n<div class=\"wp-block-column is-vertically-aligned-center fp-olien-left is-layout-flow wp-block-column-is-layout-flow\" style=\"flex-basis:50%\">\n<figure class=\"wp-block-image size-large fp-oil\"><img decoding=\"async\" src=\"https:\/\/cannabas.com\/wp-content\/uploads\/2020\/07\/oil-2-950x1024.jpg\" alt=\"\" class=\"wp-image-39\"\/><\/figure>\n\n\n\n<p><\/p>\n<\/div>\n\n\n\n<div class=\"wp-block-column is-vertically-aligned-center fp-olien-right is-layout-flow wp-block-column-is-layout-flow\">\n<h2 class=\"has-text-align-left wp-block-heading\"><strong>Das Beste, vom Besten, garantiert.<\/strong><\/h2>\n\n\n\n<p class=\"has-text-align-left subtitle\">Qualit\u00e4t hat f\u00fcr uns oberste Priorit\u00e4t!<\/p>\n\n\n\n<p class=\"has-text-align-left fp-text\">Unser Motto lautet &#8220;Qualit\u00e4t steht an erster Stelle&#8221;, denn wir wissen, dass sie einfach unsere oberste Priorit\u00e4t sein muss. Wir haben ein umfangreiches Netzwerk von Partnerunternehmen auf der ganzen Welt aufgebaut, die es uns erm\u00f6glichen, fast jede Art von Cannabinoid zu liefern, auch in gro\u00dfen Mengen. Als unser Kunde k\u00f6nnen Sie sich auf Premium-Qualit\u00e4t zu einem au\u00dfergew\u00f6hnlich wettbewerbsf\u00e4higen Preis verlassen. Wie k\u00f6nnen wir helfen? Wir m\u00f6chten Sie von uns \u00fcberzeugen!<\/p>\n\n\n\n<div class=\"wp-block-buttons alignleft is-layout-flex wp-block-buttons-is-layout-flex\">\n<div class=\"wp-block-button\"><a class=\"wp-block-button__link\" href=\"https:\/\/cannabas.com\/contact\/\">Direct contact<\/a><\/div>\n<\/div>\n<\/div>\n<\/div>\n<\/div><\/div>\n\n\n\n<div class=\"wp-block-group alignwide fp-grondstoffen\"><div class=\"wp-block-group__inner-container is-layout-flow wp-block-group-is-layout-flow\">\n<h2 class=\"has-text-align-center wp-block-heading\">Een goed product begint met de beste grondstoffen<\/h2>\n\n\n\n<p class=\"has-text-align-center subtitle\">De basis van onze premium CBD oli\u00ebn<\/p>\n\n\n\n<div class=\"wp-block-buttons aligncenter is-layout-flex wp-block-buttons-is-layout-flex\">\n<div class=\"wp-block-button\"><a class=\"wp-block-button__link\" href=\"https:\/\/cannabas.com\/the-extracts\/\">Lees meer<\/a><\/div>\n<\/div>\n<\/div><\/div>\n\n\n\n<div class=\"wp-block-group alignfull fp-image-video\"><div class=\"wp-block-group__inner-container is-layout-flow wp-block-group-is-layout-flow\">\n<div class=\"wp-block-columns are-vertically-aligned-center is-layout-flex wp-container-core-columns-is-layout-9d6595d7 wp-block-columns-is-layout-flex\">\n<div class=\"wp-block-column is-vertically-aligned-center fp-image-left is-layout-flow wp-block-column-is-layout-flow\" style=\"flex-basis:50%\">\n<div class=\"wp-block-nk-awb nk-awb man-field-vid\"><div class=\"nk-awb-wrap\" data-awb-type=\"video\" data-awb-video=\"mp4:https:\/\/cannabas.com\/wp-content\/uploads\/2020\/08\/32855572-hd-compressed.mp4\" data-awb-video-mobile=\"true\"><div class=\"nk-awb-inner is-layout-constrained wp-block-nk-awb-is-layout-constrained\"><\/div><\/div>\n<p><\/p>\n<\/div>\n<\/div>\n\n\n\n<div class=\"wp-block-column is-vertically-aligned-center fp-video-right is-layout-flow wp-block-column-is-layout-flow\">\n<div class=\"wp-block-nk-awb nk-awb\"><div class=\"nk-awb-wrap\" data-awb-type=\"video\" data-awb-video=\"mp4:https:\/\/cannabas.com\/wp-content\/uploads\/2020\/08\/1045353757-hd-compressed.mp4\" data-awb-video-mobile=\"true\"><div class=\"nk-awb-inner is-layout-constrained wp-block-nk-awb-is-layout-constrained\"><\/div><\/div>\n<p><\/p>\n<\/div>\n\n\n\n<p><\/p>\n<\/div>\n<\/div>\n<\/div><\/div>\n\n\n\n<div class=\"wp-block-group alignfull fp-toepassing\"><div class=\"wp-block-group__inner-container is-layout-flow wp-block-group-is-layout-flow\">\n<div class=\"wp-block-columns are-vertically-aligned-center fp-toepassing is-layout-flex wp-container-core-columns-is-layout-9d6595d7 wp-block-columns-is-layout-flex\">\n<div class=\"wp-block-column is-vertically-aligned-center fp-toepassing-left is-layout-flow wp-block-column-is-layout-flow\" style=\"flex-basis:50%\">\n<h2 class=\"has-text-align-left wp-block-heading\">Warum Cannabas?<\/h2>\n\n\n\n<p class=\"fp-text\"><img decoding=\"async\" width=\"30\" height=\"30\" class=\"wp-image-737\" style=\"width: 30px;\" src=\"https:\/\/cannabas.com\/wp-content\/uploads\/2020\/08\/Logo-cannabas-1.png\" alt=\"\"> Umfangreiches Wissen und Erfahrung in der Cannabiswelt<br><img decoding=\"async\" width=\"30\" height=\"30\" class=\"wp-image-737\" style=\"width: 30px;\" src=\"https:\/\/cannabas.com\/wp-content\/uploads\/2020\/08\/Logo-cannabas-1.png\" alt=\"\"> Als unser Kunde stehen Sie im Mittelpunkt unseres Betriebs<br><img decoding=\"async\" width=\"30\" height=\"30\" class=\"wp-image-737\" style=\"width: 30px;\" src=\"https:\/\/cannabas.com\/wp-content\/uploads\/2020\/08\/Logo-cannabas-1.png\" alt=\"\"> Wir bieten auch EU GMP-zertifizierte Produkte an<br><img decoding=\"async\" width=\"30\" height=\"30\" class=\"wp-image-737\" style=\"width: 30px;\" src=\"https:\/\/cannabas.com\/wp-content\/uploads\/2020\/08\/Logo-cannabas-1.png\" alt=\"\"> Alle unsere Cannabis-Produkte sind laborzertifiziert (COAs verf\u00fcgbar)<br><img decoding=\"async\" width=\"30\" height=\"30\" class=\"wp-image-737\" style=\"width: 30px;\" src=\"https:\/\/cannabas.com\/wp-content\/uploads\/2020\/08\/Logo-cannabas-1.png\" alt=\"\"> Flussdiagramme verf\u00fcgbar<br><img decoding=\"async\" width=\"30\" height=\"30\" class=\"wp-image-737\" style=\"width: 30px;\" src=\"https:\/\/cannabas.com\/wp-content\/uploads\/2020\/08\/Logo-cannabas-1.png\" alt=\"\"> Fertigungsdatenbl\u00e4tter verf\u00fcgbar<br><img decoding=\"async\" width=\"30\" height=\"30\" class=\"wp-image-737\" style=\"width: 30px;\" src=\"https:\/\/cannabas.com\/wp-content\/uploads\/2020\/08\/Logo-cannabas-1.png\" alt=\"\"> Sicherheitsdatenbl\u00e4tter verf\u00fcgbar<br><img decoding=\"async\" width=\"30\" height=\"30\" class=\"wp-image-737\" style=\"width: 30px;\" src=\"https:\/\/cannabas.com\/wp-content\/uploads\/2020\/08\/Logo-cannabas-1.png\" alt=\"\"> Premium-Qualit\u00e4t zu wettbewerbsf\u00e4higen Preisen<\/p>\n\n\n\n<p><\/p>\n\n\n\n<div class=\"wp-block-buttons alignleft is-layout-flex wp-block-buttons-is-layout-flex\">\n<div class=\"wp-block-button\"><a class=\"wp-block-button__link\" href=\"https:\/\/cannabas.com\/en\/shop\/\">Lees meer<\/a><\/div>\n<\/div>\n\n\n\n<p><\/p>\n<\/div>\n\n\n\n<div class=\"wp-block-column is-vertically-aligned-center is-layout-flow wp-block-column-is-layout-flow\">\n<div class=\"wp-block-image\"><figure class=\"alignright size-large\"><img decoding=\"async\" width=\"725\" height=\"800\" src=\"https:\/\/cannabas.com\/wp-content\/uploads\/2020\/07\/serum-3.jpg\" alt=\"\" class=\"wp-image-73\" srcset=\"https:\/\/cannabas.com\/wp-content\/uploads\/2020\/07\/serum-3.jpg 725w, https:\/\/cannabas.com\/wp-content\/uploads\/2020\/07\/serum-3-600x662.jpg 600w, https:\/\/cannabas.com\/wp-content\/uploads\/2020\/07\/serum-3-272x300.jpg 272w, https:\/\/cannabas.com\/wp-content\/uploads\/2020\/07\/serum-3-500x552.jpg 500w, https:\/\/cannabas.com\/wp-content\/uploads\/2020\/07\/serum-3-68x75.jpg 68w, https:\/\/cannabas.com\/wp-content\/uploads\/2020\/07\/serum-3-145x160.jpg 145w\" sizes=\"(max-width: 725px) 100vw, 725px\" \/><\/figure><\/div>\n\n\n\n<p><\/p>\n<\/div>\n<\/div>\n<\/div><\/div>\n\n\n\n<div class=\"wp-block-group alignwide fp-dropper-bottles\"><div class=\"wp-block-group__inner-container is-layout-flow wp-block-group-is-layout-flow\">\n<h2 class=\"has-text-align-center wp-block-heading\">Wij zijn een vertrouwd kanaal op het gebied van kennis, wetenschap en de levering van producten die gemaakt zijn van Cannabis en Hennep.<\/h2>\n\n\n\n<div class=\"wp-block-buttons aligncenter is-layout-flex wp-block-buttons-is-layout-flex\">\n<div class=\"wp-block-button\"><a class=\"wp-block-button__link\" href=\"https:\/\/cannabas.com\/en\/shop\/\">Lees meer<\/a><\/div>\n<\/div>\n<\/div><\/div>\n\n\n\n<div class=\"wp-block-cover has-background-dim-20 has-background-dim alignfull fp-header-bottom\" style=\"min-height:800px;aspect-ratio:unset;\"><video class=\"wp-block-cover__video-background\" autoplay muted loop playsinline src=\"https:\/\/cannabas.com\/wp-content\/uploads\/2020\/08\/1046211535-hd-converted-with-Clipchamp.mp4\"><\/video><div class=\"wp-block-cover__inner-container is-layout-flow wp-block-cover-is-layout-flow\">\n<p class=\"has-text-align-center subtitle big has-gutenberg-1-color has-text-color\">Cannabas is het premium kanaal voor<br>Cannabis en Hennep gerelateerde producten.<\/p>\n<\/div><\/div>\n","protected":false},"excerpt":{"rendered":"<p>Cannabas: der Spezialist f\u00fcr exklusive Cannabinoide. F\u00fcr die beste Lebensqualit\u00e4t Willkommen bei Cannabas. Wir sind ein Gro\u00dfh\u00e4ndler von seltenen und [&hellip;]<\/p>\n","protected":false},"author":1,"featured_media":0,"parent":0,"menu_order":0,"comment_status":"closed","ping_status":"closed","template":"template-blocks.php","meta":{"_acf_changed":false,"inline_featured_image":false,"_genesis_hide_title":false,"_genesis_hide_breadcrumbs":false,"_genesis_hide_singular_image":false,"_genesis_hide_footer_widgets":false,"_genesis_custom_body_class":"","_genesis_custom_post_class":"","_genesis_layout":"","footnotes":""},"class_list":{"0":"post-62817","1":"page","2":"type-page","3":"status-publish","5":"entry"},"acf":[],"yoast_head":"<!-- This site is optimized with the Yoast SEO plugin v27.4 - https:\/\/yoast.com\/product\/yoast-seo-wordpress\/ -->\n<title>The brand - Cannabas<\/title>\n<meta name=\"robots\" content=\"index, follow, max-snippet:-1, max-image-preview:large, max-video-preview:-1\" \/>\n<link rel=\"canonical\" href=\"https:\/\/cannabas.com\/de\/\" \/>\n<meta property=\"og:locale\" content=\"de_DE\" \/>\n<meta property=\"og:type\" content=\"article\" \/>\n<meta property=\"og:title\" content=\"The brand - Cannabas\" \/>\n<meta property=\"og:description\" content=\"Cannabas: der Spezialist f\u00fcr exklusive Cannabinoide. F\u00fcr die beste Lebensqualit\u00e4t Willkommen bei Cannabas. Wir sind ein Gro\u00dfh\u00e4ndler von seltenen und [&hellip;]\" \/>\n<meta property=\"og:url\" content=\"https:\/\/cannabas.com\/de\/\" \/>\n<meta property=\"og:site_name\" content=\"Cannabas\" \/>\n<meta property=\"article:publisher\" content=\"https:\/\/www.facebook.com\/cannabaspremiumproducts\" \/>\n<meta property=\"article:modified_time\" content=\"2020-11-24T08:19:08+00:00\" \/>\n<meta property=\"og:image\" content=\"https:\/\/cannabas.com\/wp-content\/uploads\/2020\/07\/cannabas-grijs-1.png\" \/>\n<meta name=\"twitter:card\" content=\"summary_large_image\" \/>\n<meta name=\"twitter:label1\" content=\"Est. reading time\" \/>\n\t<meta name=\"twitter:data1\" content=\"1 minute\" \/>\n<script type=\"application\/ld+json\" class=\"yoast-schema-graph\">{\"@context\":\"https:\\\/\\\/schema.org\",\"@graph\":[{\"@type\":\"WebPage\",\"@id\":\"https:\\\/\\\/cannabas.com\\\/de\\\/\",\"url\":\"https:\\\/\\\/cannabas.com\\\/de\\\/\",\"name\":\"The brand - Cannabas\",\"isPartOf\":{\"@id\":\"https:\\\/\\\/cannabas.com\\\/#website\"},\"primaryImageOfPage\":{\"@id\":\"https:\\\/\\\/cannabas.com\\\/de\\\/#primaryimage\"},\"image\":{\"@id\":\"https:\\\/\\\/cannabas.com\\\/de\\\/#primaryimage\"},\"thumbnailUrl\":\"https:\\\/\\\/cannabas.com\\\/wp-content\\\/uploads\\\/2020\\\/07\\\/cannabas-grijs-1.png\",\"datePublished\":\"2020-08-07T09:59:01+00:00\",\"dateModified\":\"2020-11-24T08:19:08+00:00\",\"inLanguage\":\"de-DE\",\"potentialAction\":[{\"@type\":\"ReadAction\",\"target\":[\"https:\\\/\\\/cannabas.com\\\/de\\\/\"]}]},{\"@type\":\"ImageObject\",\"inLanguage\":\"de-DE\",\"@id\":\"https:\\\/\\\/cannabas.com\\\/de\\\/#primaryimage\",\"url\":\"https:\\\/\\\/cannabas.com\\\/wp-content\\\/uploads\\\/2020\\\/07\\\/cannabas-grijs-1.png\",\"contentUrl\":\"https:\\\/\\\/cannabas.com\\\/wp-content\\\/uploads\\\/2020\\\/07\\\/cannabas-grijs-1.png\"},{\"@type\":\"WebSite\",\"@id\":\"https:\\\/\\\/cannabas.com\\\/#website\",\"url\":\"https:\\\/\\\/cannabas.com\\\/\",\"name\":\"Cannabas\",\"description\":\"\",\"publisher\":{\"@id\":\"https:\\\/\\\/cannabas.com\\\/#organization\"},\"potentialAction\":[{\"@type\":\"SearchAction\",\"target\":{\"@type\":\"EntryPoint\",\"urlTemplate\":\"https:\\\/\\\/cannabas.com\\\/?s={search_term_string}\"},\"query-input\":{\"@type\":\"PropertyValueSpecification\",\"valueRequired\":true,\"valueName\":\"search_term_string\"}}],\"inLanguage\":\"de-DE\"},{\"@type\":\"Organization\",\"@id\":\"https:\\\/\\\/cannabas.com\\\/#organization\",\"name\":\"Cannabas\",\"url\":\"https:\\\/\\\/cannabas.com\\\/\",\"logo\":{\"@type\":\"ImageObject\",\"inLanguage\":\"de-DE\",\"@id\":\"https:\\\/\\\/cannabas.com\\\/#\\\/schema\\\/logo\\\/image\\\/\",\"url\":\"https:\\\/\\\/cannabas.com\\\/wp-content\\\/uploads\\\/2020\\\/07\\\/cannabas-grijs-1.png\",\"contentUrl\":\"https:\\\/\\\/cannabas.com\\\/wp-content\\\/uploads\\\/2020\\\/07\\\/cannabas-grijs-1.png\",\"width\":240,\"height\":100,\"caption\":\"Cannabas\"},\"image\":{\"@id\":\"https:\\\/\\\/cannabas.com\\\/#\\\/schema\\\/logo\\\/image\\\/\"},\"sameAs\":[\"https:\\\/\\\/www.facebook.com\\\/cannabaspremiumproducts\"]}]}<\/script>\n<!-- \/ Yoast SEO plugin. -->","yoast_head_json":{"title":"The brand - Cannabas","robots":{"index":"index","follow":"follow","max-snippet":"max-snippet:-1","max-image-preview":"max-image-preview:large","max-video-preview":"max-video-preview:-1"},"canonical":"https:\/\/cannabas.com\/de\/","og_locale":"de_DE","og_type":"article","og_title":"The brand - Cannabas","og_description":"Cannabas: der Spezialist f\u00fcr exklusive Cannabinoide. F\u00fcr die beste Lebensqualit\u00e4t Willkommen bei Cannabas. Wir sind ein Gro\u00dfh\u00e4ndler von seltenen und [&hellip;]","og_url":"https:\/\/cannabas.com\/de\/","og_site_name":"Cannabas","article_publisher":"https:\/\/www.facebook.com\/cannabaspremiumproducts","article_modified_time":"2020-11-24T08:19:08+00:00","og_image":[{"url":"https:\/\/cannabas.com\/wp-content\/uploads\/2020\/07\/cannabas-grijs-1.png","type":"","width":"","height":""}],"twitter_card":"summary_large_image","twitter_misc":{"Est. reading time":"1 minute"},"schema":{"@context":"https:\/\/schema.org","@graph":[{"@type":"WebPage","@id":"https:\/\/cannabas.com\/de\/","url":"https:\/\/cannabas.com\/de\/","name":"The brand - Cannabas","isPartOf":{"@id":"https:\/\/cannabas.com\/#website"},"primaryImageOfPage":{"@id":"https:\/\/cannabas.com\/de\/#primaryimage"},"image":{"@id":"https:\/\/cannabas.com\/de\/#primaryimage"},"thumbnailUrl":"https:\/\/cannabas.com\/wp-content\/uploads\/2020\/07\/cannabas-grijs-1.png","datePublished":"2020-08-07T09:59:01+00:00","dateModified":"2020-11-24T08:19:08+00:00","inLanguage":"de-DE","potentialAction":[{"@type":"ReadAction","target":["https:\/\/cannabas.com\/de\/"]}]},{"@type":"ImageObject","inLanguage":"de-DE","@id":"https:\/\/cannabas.com\/de\/#primaryimage","url":"https:\/\/cannabas.com\/wp-content\/uploads\/2020\/07\/cannabas-grijs-1.png","contentUrl":"https:\/\/cannabas.com\/wp-content\/uploads\/2020\/07\/cannabas-grijs-1.png"},{"@type":"WebSite","@id":"https:\/\/cannabas.com\/#website","url":"https:\/\/cannabas.com\/","name":"Cannabas","description":"","publisher":{"@id":"https:\/\/cannabas.com\/#organization"},"potentialAction":[{"@type":"SearchAction","target":{"@type":"EntryPoint","urlTemplate":"https:\/\/cannabas.com\/?s={search_term_string}"},"query-input":{"@type":"PropertyValueSpecification","valueRequired":true,"valueName":"search_term_string"}}],"inLanguage":"de-DE"},{"@type":"Organization","@id":"https:\/\/cannabas.com\/#organization","name":"Cannabas","url":"https:\/\/cannabas.com\/","logo":{"@type":"ImageObject","inLanguage":"de-DE","@id":"https:\/\/cannabas.com\/#\/schema\/logo\/image\/","url":"https:\/\/cannabas.com\/wp-content\/uploads\/2020\/07\/cannabas-grijs-1.png","contentUrl":"https:\/\/cannabas.com\/wp-content\/uploads\/2020\/07\/cannabas-grijs-1.png","width":240,"height":100,"caption":"Cannabas"},"image":{"@id":"https:\/\/cannabas.com\/#\/schema\/logo\/image\/"},"sameAs":["https:\/\/www.facebook.com\/cannabaspremiumproducts"]}]}},"featured_image_src":null,"featured_image_src_square":null,"_links":{"self":[{"href":"https:\/\/cannabas.com\/de\/wp-json\/wp\/v2\/pages\/62817","targetHints":{"allow":["GET"]}}],"collection":[{"href":"https:\/\/cannabas.com\/de\/wp-json\/wp\/v2\/pages"}],"about":[{"href":"https:\/\/cannabas.com\/de\/wp-json\/wp\/v2\/types\/page"}],"author":[{"embeddable":true,"href":"https:\/\/cannabas.com\/de\/wp-json\/wp\/v2\/users\/1"}],"replies":[{"embeddable":true,"href":"https:\/\/cannabas.com\/de\/wp-json\/wp\/v2\/comments?post=62817"}],"version-history":[{"count":2,"href":"https:\/\/cannabas.com\/de\/wp-json\/wp\/v2\/pages\/62817\/revisions"}],"predecessor-version":[{"id":62833,"href":"https:\/\/cannabas.com\/de\/wp-json\/wp\/v2\/pages\/62817\/revisions\/62833"}],"wp:attachment":[{"href":"https:\/\/cannabas.com\/de\/wp-json\/wp\/v2\/media?parent=62817"}],"curies":[{"name":"wp","href":"https:\/\/api.w.org\/{rel}","templated":true}]}}