{"id":62803,"date":"2020-08-07T11:59:01","date_gmt":"2020-08-07T09:59:01","guid":{"rendered":"https:\/\/cannabas.com\/?page_id=62803"},"modified":"2020-11-23T16:17:43","modified_gmt":"2020-11-23T15:17:43","slug":"the-brand","status":"publish","type":"page","link":"https:\/\/cannabas.com\/es\/","title":{"rendered":"The brand"},"content":{"rendered":"\n<div class=\"wp-block-cover alignfull fp-header\" style=\"min-height:400px;aspect-ratio:unset;\"><video class=\"wp-block-cover__video-background\" autoplay muted loop playsinline src=\"https:\/\/cannabas.com\/wp-content\/uploads\/2020\/08\/iStock-870449834-converted-with-Clipchamp.mp4\"><\/video><div class=\"wp-block-cover__inner-container is-layout-flow wp-block-cover-is-layout-flow\">\n<p class=\"has-text-align-center has-large-font-size\"><\/p>\n<\/div><\/div>\n\n\n\n<div class=\"wp-block-group alignwide fp-intro\"><div class=\"wp-block-group__inner-container is-layout-flow wp-block-group-is-layout-flow\">\n<div class=\"wp-block-image\"><figure class=\"aligncenter size-large is-resized\"><img decoding=\"async\" src=\"https:\/\/cannabas.com\/wp-content\/uploads\/2020\/07\/cannabas-grijs-1.png\" alt=\"\" class=\"wp-image-98\" width=\"240\" height=\"100\" srcset=\"https:\/\/cannabas.com\/wp-content\/uploads\/2020\/07\/cannabas-grijs-1.png 240w, https:\/\/cannabas.com\/wp-content\/uploads\/2020\/07\/cannabas-grijs-1-175x73.png 175w, https:\/\/cannabas.com\/wp-content\/uploads\/2020\/07\/cannabas-grijs-1-160x67.png 160w\" sizes=\"(max-width: 240px) 100vw, 240px\" \/><\/figure><\/div>\n\n\n\n<h2 class=\"has-text-align-center wp-block-heading\">Cannabas: especialista en cannabinoides exclusivos.<\/h2>\n\n\n\n<p class=\"has-text-align-center subtitle\">Para la mejor calidad de vida<\/p>\n\n\n\n<p class=\"has-text-align-center fp-text\">Bienvenido a Cannabas. Somos un mayorista de cannabinoides exclusivos y poco frecuentes, como <a href=\"https:\/\/cannabas.com\/es\/product-categorie\/cbd-aceite\/\">CBD<\/a>, <a href=\"https:\/\/cannabas.com\/es\/product-categorie\/cbdv-extracto\/\">CBDV<\/a>, <a href=\"https:\/\/cannabas.com\/es\/product-categorie\/cbdv-extracto\/\">CBC<\/a>, <a href=\"https:\/\/cannabas.com\/es\/product-categorie\/cbn-aceite\/\">CBN<\/a>, <a href=\"https:\/\/cannabas.com\/es\/product-categorie\/cbg-aceite\/\">CBG<\/a> y <a href=\"https:\/\/cannabas.com\/es\/product-categorie\/extractos\/thcv-extracto\/\">THCV<\/a>. Entre nuestros clientes figuran, por ejemplo, revendedores, marcas privadas, farmac\u00e9uticas y marcas de cannabis en todo el mundo. Suministramos productos listos para consumir, como el aceite de cannabis, pero tambi\u00e9n extractos de cannabinoides en forma de destilado o isolato. Tambi\u00e9n somos el socio ideal para comprar productos de cannabis con la certificaci\u00f3n EU GMP.<\/p>\n\n\n\n<div class=\"wp-block-buttons aligncenter is-layout-flex wp-block-buttons-is-layout-flex\">\n<div class=\"wp-block-button\"><a class=\"wp-block-button__link\" href=\"https:\/\/cannabas.com\/en\/shop\/\">Portfolio<\/a><\/div>\n<\/div>\n<\/div><\/div>\n\n\n\n<div class=\"wp-block-group alignfull fp-olien\"><div class=\"wp-block-group__inner-container is-layout-flow wp-block-group-is-layout-flow\">\n<div class=\"wp-block-columns are-vertically-aligned-center is-layout-flex wp-container-core-columns-is-layout-9d6595d7 wp-block-columns-is-layout-flex\">\n<div class=\"wp-block-column is-vertically-aligned-center fp-olien-left is-layout-flow wp-block-column-is-layout-flow\" style=\"flex-basis:50%\">\n<figure class=\"wp-block-image size-large fp-oil\"><img decoding=\"async\" src=\"https:\/\/cannabas.com\/wp-content\/uploads\/2020\/07\/oil-2-950x1024.jpg\" alt=\"\" class=\"wp-image-39\"\/><\/figure>\n\n\n\n<p><\/p>\n<\/div>\n\n\n\n<div class=\"wp-block-column is-vertically-aligned-center fp-olien-right is-layout-flow wp-block-column-is-layout-flow\">\n<h2 class=\"has-text-align-left wp-block-heading\">Lo mejor de lo mejor en todo momento<\/h2>\n\n\n\n<p class=\"has-text-align-left subtitle\">\u00a1La calidad es nuestra m\u00e1xima prioridad!<\/p>\n\n\n\n<p class=\"has-text-align-left fp-text\">Para nosotros la calidad es lo primero, porque sabemos que es lo m\u00e1s importante. Disponemos de una amplia red de empresas asociadas en todo el mundo y tambi\u00e9n podemos suministrar pr\u00e1cticamente todos los cannabinoides imaginables, incluso en cantidades muy elevadas. Como cliente, podr\u00e1s contar con una calidad de primera a un precio competitivo sin precedentes. Estaremos encantados de convencerte: \u00bfen qu\u00e9 podemos ayudarte?<\/p>\n\n\n\n<div class=\"wp-block-buttons alignleft is-layout-flex wp-block-buttons-is-layout-flex\">\n<div class=\"wp-block-button\"><a class=\"wp-block-button__link\" href=\"https:\/\/cannabas.com\/contact\/\">Direct contact<\/a><\/div>\n<\/div>\n<\/div>\n<\/div>\n<\/div><\/div>\n\n\n\n<div class=\"wp-block-group alignwide fp-grondstoffen\"><div class=\"wp-block-group__inner-container is-layout-flow wp-block-group-is-layout-flow\">\n<h2 class=\"has-text-align-center wp-block-heading\">Een goed product begint met de beste grondstoffen<\/h2>\n\n\n\n<p class=\"has-text-align-center subtitle\">De basis van onze premium CBD oli\u00ebn<\/p>\n\n\n\n<div class=\"wp-block-buttons aligncenter is-layout-flex wp-block-buttons-is-layout-flex\">\n<div class=\"wp-block-button\"><a class=\"wp-block-button__link\" href=\"https:\/\/cannabas.com\/the-extracts\/\">Lees meer<\/a><\/div>\n<\/div>\n<\/div><\/div>\n\n\n\n<div class=\"wp-block-group alignfull fp-image-video\"><div class=\"wp-block-group__inner-container is-layout-flow wp-block-group-is-layout-flow\">\n<div class=\"wp-block-columns are-vertically-aligned-center is-layout-flex wp-container-core-columns-is-layout-9d6595d7 wp-block-columns-is-layout-flex\">\n<div class=\"wp-block-column is-vertically-aligned-center fp-image-left is-layout-flow wp-block-column-is-layout-flow\" style=\"flex-basis:50%\">\n<div class=\"wp-block-nk-awb nk-awb man-field-vid\"><div class=\"nk-awb-wrap\" data-awb-type=\"video\" data-awb-video=\"mp4:https:\/\/cannabas.com\/wp-content\/uploads\/2020\/08\/32855572-hd-compressed.mp4\" data-awb-video-mobile=\"true\"><div class=\"nk-awb-inner is-layout-constrained wp-block-nk-awb-is-layout-constrained\"><\/div><\/div>\n<p><\/p>\n<\/div>\n<\/div>\n\n\n\n<div class=\"wp-block-column is-vertically-aligned-center fp-video-right is-layout-flow wp-block-column-is-layout-flow\">\n<div class=\"wp-block-nk-awb nk-awb\"><div class=\"nk-awb-wrap\" data-awb-type=\"video\" data-awb-video=\"mp4:https:\/\/cannabas.com\/wp-content\/uploads\/2020\/08\/1045353757-hd-compressed.mp4\" data-awb-video-mobile=\"true\"><div class=\"nk-awb-inner is-layout-constrained wp-block-nk-awb-is-layout-constrained\"><\/div><\/div>\n<p><\/p>\n<\/div>\n\n\n\n<p><\/p>\n<\/div>\n<\/div>\n<\/div><\/div>\n\n\n\n<div class=\"wp-block-group alignfull fp-toepassing\"><div class=\"wp-block-group__inner-container is-layout-flow wp-block-group-is-layout-flow\">\n<div class=\"wp-block-columns are-vertically-aligned-center fp-toepassing is-layout-flex wp-container-core-columns-is-layout-9d6595d7 wp-block-columns-is-layout-flex\">\n<div class=\"wp-block-column is-vertically-aligned-center fp-toepassing-left is-layout-flow wp-block-column-is-layout-flow\" style=\"flex-basis:50%\">\n<h2 class=\"has-text-align-left wp-block-heading\"><strong>\u00bfPor qu\u00e9 elegir Cannabas?<\/strong><\/h2>\n\n\n\n<p class=\"fp-text\"><img decoding=\"async\" width=\"30\" height=\"30\" class=\"wp-image-737\" style=\"width: 30px;\" src=\"https:\/\/cannabas.com\/wp-content\/uploads\/2020\/08\/Logo-cannabas-1.png\" alt=\"\"> Amplios conocimientos y experiencia en el mundo del cannabis<br><img decoding=\"async\" width=\"30\" height=\"30\" class=\"wp-image-737\" style=\"width: 30px;\" src=\"https:\/\/cannabas.com\/wp-content\/uploads\/2020\/08\/Logo-cannabas-1.png\" alt=\"\"> Toda la atenci\u00f3n se centra en el cliente<br><img decoding=\"async\" width=\"30\" height=\"30\" class=\"wp-image-737\" style=\"width: 30px;\" src=\"https:\/\/cannabas.com\/wp-content\/uploads\/2020\/08\/Logo-cannabas-1.png\" alt=\"\"> Tambi\u00e9n ofrecemos productos con la certificaci\u00f3n EU GMP<br><img decoding=\"async\" width=\"30\" height=\"30\" class=\"wp-image-737\" style=\"width: 30px;\" src=\"https:\/\/cannabas.com\/wp-content\/uploads\/2020\/08\/Logo-cannabas-1.png\" alt=\"\"> Todos nuestros productos de cannabis est\u00e1n certificados por un laboratorio (COA disponibles)<br><img decoding=\"async\" width=\"30\" height=\"30\" class=\"wp-image-737\" style=\"width: 30px;\" src=\"https:\/\/cannabas.com\/wp-content\/uploads\/2020\/08\/Logo-cannabas-1.png\" alt=\"\"> Hay disponibles diagramas de flujo<br><img decoding=\"async\" width=\"30\" height=\"30\" class=\"wp-image-737\" style=\"width: 30px;\" src=\"https:\/\/cannabas.com\/wp-content\/uploads\/2020\/08\/Logo-cannabas-1.png\" alt=\"\"> Hay disponibles fichas de datos de fabricaci\u00f3n<br><img decoding=\"async\" width=\"30\" height=\"30\" class=\"wp-image-737\" style=\"width: 30px;\" src=\"https:\/\/cannabas.com\/wp-content\/uploads\/2020\/08\/Logo-cannabas-1.png\" alt=\"\"> Hay disponibles fichas de datos de seguridad<br><img decoding=\"async\" width=\"30\" height=\"30\" class=\"wp-image-737\" style=\"width: 30px;\" src=\"https:\/\/cannabas.com\/wp-content\/uploads\/2020\/08\/Logo-cannabas-1.png\" alt=\"\"> Calidad de primera a precios de compra competitivos<\/p>\n\n\n\n<p><\/p>\n\n\n\n<p><\/p>\n\n\n\n<p><\/p>\n\n\n\n<p><\/p>\n\n\n\n<p><\/p>\n\n\n\n<p><\/p>\n\n\n\n<div class=\"wp-block-buttons alignleft is-layout-flex wp-block-buttons-is-layout-flex\">\n<div class=\"wp-block-button\"><a class=\"wp-block-button__link\" href=\"https:\/\/cannabas.com\/en\/shop\/\">Lees meer<\/a><\/div>\n<\/div>\n\n\n\n<p><\/p>\n<\/div>\n\n\n\n<div class=\"wp-block-column is-vertically-aligned-center is-layout-flow wp-block-column-is-layout-flow\">\n<div class=\"wp-block-image\"><figure class=\"alignright size-large\"><img decoding=\"async\" width=\"725\" height=\"800\" src=\"https:\/\/cannabas.com\/wp-content\/uploads\/2020\/07\/serum-3.jpg\" alt=\"\" class=\"wp-image-73\" srcset=\"https:\/\/cannabas.com\/wp-content\/uploads\/2020\/07\/serum-3.jpg 725w, https:\/\/cannabas.com\/wp-content\/uploads\/2020\/07\/serum-3-600x662.jpg 600w, https:\/\/cannabas.com\/wp-content\/uploads\/2020\/07\/serum-3-272x300.jpg 272w, https:\/\/cannabas.com\/wp-content\/uploads\/2020\/07\/serum-3-500x552.jpg 500w, https:\/\/cannabas.com\/wp-content\/uploads\/2020\/07\/serum-3-68x75.jpg 68w, https:\/\/cannabas.com\/wp-content\/uploads\/2020\/07\/serum-3-145x160.jpg 145w\" sizes=\"(max-width: 725px) 100vw, 725px\" \/><\/figure><\/div>\n\n\n\n<p><\/p>\n<\/div>\n<\/div>\n<\/div><\/div>\n\n\n\n<div class=\"wp-block-group alignwide fp-dropper-bottles\"><div class=\"wp-block-group__inner-container is-layout-flow wp-block-group-is-layout-flow\">\n<h2 class=\"has-text-align-center wp-block-heading\">Wij zijn een vertrouwd kanaal op het gebied van kennis, wetenschap en de levering van producten die gemaakt zijn van Cannabis en Hennep.<\/h2>\n\n\n\n<div class=\"wp-block-buttons aligncenter is-layout-flex wp-block-buttons-is-layout-flex\">\n<div class=\"wp-block-button\"><a class=\"wp-block-button__link\" href=\"https:\/\/cannabas.com\/en\/shop\/\">Lees meer<\/a><\/div>\n<\/div>\n<\/div><\/div>\n\n\n\n<div class=\"wp-block-cover has-background-dim-20 has-background-dim alignfull fp-header-bottom\" style=\"min-height:800px;aspect-ratio:unset;\"><video class=\"wp-block-cover__video-background\" autoplay muted loop playsinline src=\"https:\/\/cannabas.com\/wp-content\/uploads\/2020\/08\/1046211535-hd-converted-with-Clipchamp.mp4\"><\/video><div class=\"wp-block-cover__inner-container is-layout-flow wp-block-cover-is-layout-flow\">\n<p class=\"has-text-align-center subtitle big has-gutenberg-1-color has-text-color\">Cannabas is het premium kanaal voor<br>Cannabis en Hennep gerelateerde producten.<\/p>\n<\/div><\/div>\n","protected":false},"excerpt":{"rendered":"<p>Cannabas: especialista en cannabinoides exclusivos. Para la mejor calidad de vida Bienvenido a Cannabas. Somos un mayorista de cannabinoides exclusivos [&hellip;]<\/p>\n","protected":false},"author":1,"featured_media":0,"parent":0,"menu_order":0,"comment_status":"closed","ping_status":"closed","template":"template-blocks.php","meta":{"_acf_changed":false,"inline_featured_image":false,"_genesis_hide_title":false,"_genesis_hide_breadcrumbs":false,"_genesis_hide_singular_image":false,"_genesis_hide_footer_widgets":false,"_genesis_custom_body_class":"","_genesis_custom_post_class":"","_genesis_layout":"","footnotes":""},"class_list":{"0":"post-62803","1":"page","2":"type-page","3":"status-publish","5":"entry"},"acf":[],"yoast_head":"<!-- This site is optimized with the Yoast SEO plugin v27.4 - https:\/\/yoast.com\/product\/yoast-seo-wordpress\/ -->\n<title>The brand - Cannabas<\/title>\n<meta name=\"robots\" content=\"index, follow, max-snippet:-1, max-image-preview:large, max-video-preview:-1\" \/>\n<link rel=\"canonical\" href=\"https:\/\/cannabas.com\/es\/\" \/>\n<meta property=\"og:locale\" content=\"es_ES\" \/>\n<meta property=\"og:type\" content=\"article\" \/>\n<meta property=\"og:title\" content=\"The brand - Cannabas\" \/>\n<meta property=\"og:description\" content=\"Cannabas: especialista en cannabinoides exclusivos. Para la mejor calidad de vida Bienvenido a Cannabas. Somos un mayorista de cannabinoides exclusivos [&hellip;]\" \/>\n<meta property=\"og:url\" content=\"https:\/\/cannabas.com\/es\/\" \/>\n<meta property=\"og:site_name\" content=\"Cannabas\" \/>\n<meta property=\"article:publisher\" content=\"https:\/\/www.facebook.com\/cannabaspremiumproducts\" \/>\n<meta property=\"article:modified_time\" content=\"2020-11-23T15:17:43+00:00\" \/>\n<meta property=\"og:image\" content=\"https:\/\/cannabas.com\/wp-content\/uploads\/2020\/07\/cannabas-grijs-1.png\" \/>\n<meta name=\"twitter:card\" content=\"summary_large_image\" \/>\n<meta name=\"twitter:label1\" content=\"Est. reading time\" \/>\n\t<meta name=\"twitter:data1\" content=\"2 minutes\" \/>\n<script type=\"application\/ld+json\" class=\"yoast-schema-graph\">{\"@context\":\"https:\\\/\\\/schema.org\",\"@graph\":[{\"@type\":\"WebPage\",\"@id\":\"https:\\\/\\\/cannabas.com\\\/es\\\/\",\"url\":\"https:\\\/\\\/cannabas.com\\\/es\\\/\",\"name\":\"The brand - Cannabas\",\"isPartOf\":{\"@id\":\"https:\\\/\\\/cannabas.com\\\/#website\"},\"primaryImageOfPage\":{\"@id\":\"https:\\\/\\\/cannabas.com\\\/es\\\/#primaryimage\"},\"image\":{\"@id\":\"https:\\\/\\\/cannabas.com\\\/es\\\/#primaryimage\"},\"thumbnailUrl\":\"https:\\\/\\\/cannabas.com\\\/wp-content\\\/uploads\\\/2020\\\/07\\\/cannabas-grijs-1.png\",\"datePublished\":\"2020-08-07T09:59:01+00:00\",\"dateModified\":\"2020-11-23T15:17:43+00:00\",\"inLanguage\":\"es-ES\",\"potentialAction\":[{\"@type\":\"ReadAction\",\"target\":[\"https:\\\/\\\/cannabas.com\\\/es\\\/\"]}]},{\"@type\":\"ImageObject\",\"inLanguage\":\"es-ES\",\"@id\":\"https:\\\/\\\/cannabas.com\\\/es\\\/#primaryimage\",\"url\":\"https:\\\/\\\/cannabas.com\\\/wp-content\\\/uploads\\\/2020\\\/07\\\/cannabas-grijs-1.png\",\"contentUrl\":\"https:\\\/\\\/cannabas.com\\\/wp-content\\\/uploads\\\/2020\\\/07\\\/cannabas-grijs-1.png\"},{\"@type\":\"WebSite\",\"@id\":\"https:\\\/\\\/cannabas.com\\\/#website\",\"url\":\"https:\\\/\\\/cannabas.com\\\/\",\"name\":\"Cannabas\",\"description\":\"\",\"publisher\":{\"@id\":\"https:\\\/\\\/cannabas.com\\\/#organization\"},\"potentialAction\":[{\"@type\":\"SearchAction\",\"target\":{\"@type\":\"EntryPoint\",\"urlTemplate\":\"https:\\\/\\\/cannabas.com\\\/?s={search_term_string}\"},\"query-input\":{\"@type\":\"PropertyValueSpecification\",\"valueRequired\":true,\"valueName\":\"search_term_string\"}}],\"inLanguage\":\"es-ES\"},{\"@type\":\"Organization\",\"@id\":\"https:\\\/\\\/cannabas.com\\\/#organization\",\"name\":\"Cannabas\",\"url\":\"https:\\\/\\\/cannabas.com\\\/\",\"logo\":{\"@type\":\"ImageObject\",\"inLanguage\":\"es-ES\",\"@id\":\"https:\\\/\\\/cannabas.com\\\/#\\\/schema\\\/logo\\\/image\\\/\",\"url\":\"https:\\\/\\\/cannabas.com\\\/wp-content\\\/uploads\\\/2020\\\/07\\\/cannabas-grijs-1.png\",\"contentUrl\":\"https:\\\/\\\/cannabas.com\\\/wp-content\\\/uploads\\\/2020\\\/07\\\/cannabas-grijs-1.png\",\"width\":240,\"height\":100,\"caption\":\"Cannabas\"},\"image\":{\"@id\":\"https:\\\/\\\/cannabas.com\\\/#\\\/schema\\\/logo\\\/image\\\/\"},\"sameAs\":[\"https:\\\/\\\/www.facebook.com\\\/cannabaspremiumproducts\"]}]}<\/script>\n<!-- \/ Yoast SEO plugin. -->","yoast_head_json":{"title":"The brand - Cannabas","robots":{"index":"index","follow":"follow","max-snippet":"max-snippet:-1","max-image-preview":"max-image-preview:large","max-video-preview":"max-video-preview:-1"},"canonical":"https:\/\/cannabas.com\/es\/","og_locale":"es_ES","og_type":"article","og_title":"The brand - Cannabas","og_description":"Cannabas: especialista en cannabinoides exclusivos. Para la mejor calidad de vida Bienvenido a Cannabas. Somos un mayorista de cannabinoides exclusivos [&hellip;]","og_url":"https:\/\/cannabas.com\/es\/","og_site_name":"Cannabas","article_publisher":"https:\/\/www.facebook.com\/cannabaspremiumproducts","article_modified_time":"2020-11-23T15:17:43+00:00","og_image":[{"url":"https:\/\/cannabas.com\/wp-content\/uploads\/2020\/07\/cannabas-grijs-1.png","type":"","width":"","height":""}],"twitter_card":"summary_large_image","twitter_misc":{"Est. reading time":"2 minutes"},"schema":{"@context":"https:\/\/schema.org","@graph":[{"@type":"WebPage","@id":"https:\/\/cannabas.com\/es\/","url":"https:\/\/cannabas.com\/es\/","name":"The brand - Cannabas","isPartOf":{"@id":"https:\/\/cannabas.com\/#website"},"primaryImageOfPage":{"@id":"https:\/\/cannabas.com\/es\/#primaryimage"},"image":{"@id":"https:\/\/cannabas.com\/es\/#primaryimage"},"thumbnailUrl":"https:\/\/cannabas.com\/wp-content\/uploads\/2020\/07\/cannabas-grijs-1.png","datePublished":"2020-08-07T09:59:01+00:00","dateModified":"2020-11-23T15:17:43+00:00","inLanguage":"es-ES","potentialAction":[{"@type":"ReadAction","target":["https:\/\/cannabas.com\/es\/"]}]},{"@type":"ImageObject","inLanguage":"es-ES","@id":"https:\/\/cannabas.com\/es\/#primaryimage","url":"https:\/\/cannabas.com\/wp-content\/uploads\/2020\/07\/cannabas-grijs-1.png","contentUrl":"https:\/\/cannabas.com\/wp-content\/uploads\/2020\/07\/cannabas-grijs-1.png"},{"@type":"WebSite","@id":"https:\/\/cannabas.com\/#website","url":"https:\/\/cannabas.com\/","name":"Cannabas","description":"","publisher":{"@id":"https:\/\/cannabas.com\/#organization"},"potentialAction":[{"@type":"SearchAction","target":{"@type":"EntryPoint","urlTemplate":"https:\/\/cannabas.com\/?s={search_term_string}"},"query-input":{"@type":"PropertyValueSpecification","valueRequired":true,"valueName":"search_term_string"}}],"inLanguage":"es-ES"},{"@type":"Organization","@id":"https:\/\/cannabas.com\/#organization","name":"Cannabas","url":"https:\/\/cannabas.com\/","logo":{"@type":"ImageObject","inLanguage":"es-ES","@id":"https:\/\/cannabas.com\/#\/schema\/logo\/image\/","url":"https:\/\/cannabas.com\/wp-content\/uploads\/2020\/07\/cannabas-grijs-1.png","contentUrl":"https:\/\/cannabas.com\/wp-content\/uploads\/2020\/07\/cannabas-grijs-1.png","width":240,"height":100,"caption":"Cannabas"},"image":{"@id":"https:\/\/cannabas.com\/#\/schema\/logo\/image\/"},"sameAs":["https:\/\/www.facebook.com\/cannabaspremiumproducts"]}]}},"featured_image_src":null,"featured_image_src_square":null,"_links":{"self":[{"href":"https:\/\/cannabas.com\/es\/wp-json\/wp\/v2\/pages\/62803","targetHints":{"allow":["GET"]}}],"collection":[{"href":"https:\/\/cannabas.com\/es\/wp-json\/wp\/v2\/pages"}],"about":[{"href":"https:\/\/cannabas.com\/es\/wp-json\/wp\/v2\/types\/page"}],"author":[{"embeddable":true,"href":"https:\/\/cannabas.com\/es\/wp-json\/wp\/v2\/users\/1"}],"replies":[{"embeddable":true,"href":"https:\/\/cannabas.com\/es\/wp-json\/wp\/v2\/comments?post=62803"}],"version-history":[{"count":11,"href":"https:\/\/cannabas.com\/es\/wp-json\/wp\/v2\/pages\/62803\/revisions"}],"predecessor-version":[{"id":62827,"href":"https:\/\/cannabas.com\/es\/wp-json\/wp\/v2\/pages\/62803\/revisions\/62827"}],"wp:attachment":[{"href":"https:\/\/cannabas.com\/es\/wp-json\/wp\/v2\/media?parent=62803"}],"curies":[{"name":"wp","href":"https:\/\/api.w.org\/{rel}","templated":true}]}}